{"id":2533,"date":"2023-06-08T23:20:47","date_gmt":"2023-06-08T23:20:47","guid":{"rendered":"https:\/\/whc.roible.net\/?page_id=2533"},"modified":"2023-06-17T13:08:00","modified_gmt":"2023-06-17T13:08:00","slug":"sakal-ekimi","status":"publish","type":"page","link":"https:\/\/wonderhairclinic.com\/tr\/sakal-ekimi\/","title":{"rendered":"Sakal Ekimi"},"content":{"rendered":"\t\t<div data-elementor-type=\"wp-page\" data-elementor-id=\"2533\" class=\"elementor elementor-2533 elementor-2527\">\n\t\t\t\t<div class=\"elementor-element elementor-element-0aa070e e-flex e-con-boxed e-con e-parent\" data-id=\"0aa070e\" data-element_type=\"container\" data-settings=\"{&quot;background_background&quot;:&quot;classic&quot;}\" data-core-v316-plus=\"true\">\n\t\t\t\t\t<div class=\"e-con-inner\">\n\t\t\t\t<div class=\"elementor-element elementor-element-84f59a5 elementor-widget elementor-widget-heading\" data-id=\"84f59a5\" data-element_type=\"widget\" data-widget_type=\"heading.default\">\n\t\t\t\t<div class=\"elementor-widget-container\">\n\t\t\t<style>\/*! elementor - v3.20.0 - 26-03-2024 *\/\n.elementor-heading-title{padding:0;margin:0;line-height:1}.elementor-widget-heading .elementor-heading-title[class*=elementor-size-]>a{color:inherit;font-size:inherit;line-height:inherit}.elementor-widget-heading .elementor-heading-title.elementor-size-small{font-size:15px}.elementor-widget-heading .elementor-heading-title.elementor-size-medium{font-size:19px}.elementor-widget-heading .elementor-heading-title.elementor-size-large{font-size:29px}.elementor-widget-heading .elementor-heading-title.elementor-size-xl{font-size:39px}.elementor-widget-heading .elementor-heading-title.elementor-size-xxl{font-size:59px}<\/style><h1 class=\"elementor-heading-title elementor-size-default\">Sakal Ekimi<\/h1>\t\t<\/div>\n\t\t\t\t<\/div>\n\t\t\t\t\t<\/div>\n\t\t\t\t<\/div>\n\t\t<div class=\"elementor-element elementor-element-2aa2895 e-flex e-con-boxed e-con e-parent\" data-id=\"2aa2895\" data-element_type=\"container\" data-core-v316-plus=\"true\">\n\t\t\t\t\t<div class=\"e-con-inner\">\n\t\t<div class=\"elementor-element elementor-element-184e4c3 e-con-full e-flex e-con e-parent\" data-id=\"184e4c3\" data-element_type=\"container\" data-settings=\"{&quot;background_background&quot;:&quot;classic&quot;}\" data-core-v316-plus=\"true\">\n\t\t\t\t<div class=\"elementor-element elementor-element-a2ec902 elementor-widget elementor-widget-heading\" data-id=\"a2ec902\" data-element_type=\"widget\" data-widget_type=\"heading.default\">\n\t\t\t\t<div class=\"elementor-widget-container\">\n\t\t\t<h2 class=\"elementor-heading-title elementor-size-default\">Sakal Ekimi Hakk\u0131nda \u00d6zet<\/h2>\t\t<\/div>\n\t\t\t\t<\/div>\n\t\t<div class=\"elementor-element elementor-element-c3534da e-grid e-con-boxed e-con e-parent\" data-id=\"c3534da\" data-element_type=\"container\" data-core-v316-plus=\"true\">\n\t\t\t\t\t<div class=\"e-con-inner\">\n\t\t\t\t<div class=\"elementor-element elementor-element-eafb80d elementor-widget elementor-widget-html\" data-id=\"eafb80d\" data-element_type=\"widget\" data-widget_type=\"html.default\">\n\t\t\t\t<div class=\"elementor-widget-container\">\n\t\t\t<table class=\"wonder-service-table\">\r\n    <tbody>\r\n        <tr>\r\n            <td>\u00c7al\u0131\u015fma S\u00fcresi<\/td>\r\n            <td>8-10 saat<\/td>\r\n        <\/tr>\r\n        <tr>\r\n            <td>\u00c7al\u0131\u015fma Alan\u0131<\/td>\r\n            <td>Kafa<\/td>\r\n        <\/tr>\r\n        <tr>\r\n            <td>Anestezi T\u00fcr\u00fc<\/td>\r\n            <td>Yerel<\/td>\r\n        <\/tr>\r\n        <tr>\r\n            <td>Ac\u0131 E\u015fi\u011fi<\/td>\r\n            <td>Operasyondan Sonra<\/td>\r\n        <\/tr>\r\n        <tr>\r\n            <td>Ba\u015flang\u0131\u00e7 \u200b\u200bZaman\u0131<\/td>\r\n            <td>1 G\u00fcn Sonra<\/td>\r\n        <\/tr>\r\n        <tr>\r\n            <td>\u0130lk Du\u015f<\/td>\r\n            <td>2 G\u00fcn Sonra<\/td>\r\n        <\/tr>\r\n        <tr>\r\n            <td>Kurtarma S\u00fcresi<\/td>\r\n            <td>15 G\u00fcn<\/td>\r\n        <\/tr>\r\n        <tr>\r\n            <td>Yeniden \u0130\u015flem Durumu<\/td>\r\n            <td>Gerek Yok<\/td>\r\n        <\/tr>\r\n        <tr>\r\n            <td>Spor Salonu-Kardiyo<\/td>\r\n            <td>15 G\u00fcn<\/td>\r\n        <\/tr>\r\n        <tr>\r\n            <td>Diki\u015f \u0130\u015fareti<\/td>\r\n            <td>Ac\u0131 Yok<\/td>\r\n        <\/tr>\r\n        <tr>\r\n            <td>Ya\u015f S\u0131n\u0131r\u0131<\/td>\r\n            <td>18<\/td>\r\n        <\/tr>\r\n    <\/tbody>\r\n<\/table>\t\t<\/div>\n\t\t\t\t<\/div>\n\t\t\t\t<div class=\"elementor-element elementor-element-2b70945 elementor-widget elementor-widget-image\" data-id=\"2b70945\" data-element_type=\"widget\" data-widget_type=\"image.default\">\n\t\t\t\t<div class=\"elementor-widget-container\">\n\t\t\t<style>\/*! elementor - v3.20.0 - 26-03-2024 *\/\n.elementor-widget-image{text-align:center}.elementor-widget-image a{display:inline-block}.elementor-widget-image a img[src$=\".svg\"]{width:48px}.elementor-widget-image img{vertical-align:middle;display:inline-block}<\/style>\t\t\t\t\t\t\t\t\t\t<img fetchpriority=\"high\" decoding=\"async\" width=\"700\" height=\"394\" src=\"https:\/\/wonderhairclinic.com\/wp-content\/uploads\/2023\/06\/sakal-ekimi.jpg\" class=\"attachment-full size-full wp-image-2100\" alt=\"\" srcset=\"https:\/\/wonderhairclinic.com\/wp-content\/uploads\/2023\/06\/sakal-ekimi.jpg 700w, https:\/\/wonderhairclinic.com\/wp-content\/uploads\/2023\/06\/sakal-ekimi-300x169.jpg 300w\" sizes=\"(max-width: 700px) 100vw, 700px\" \/>\t\t\t\t\t\t\t\t\t\t\t\t\t<\/div>\n\t\t\t\t<\/div>\n\t\t\t\t\t<\/div>\n\t\t\t\t<\/div>\n\t\t\t\t<div class=\"elementor-element elementor-element-1dba837 elementor-widget elementor-widget-text-editor\" data-id=\"1dba837\" data-element_type=\"widget\" data-widget_type=\"text-editor.default\">\n\t\t\t\t<div class=\"elementor-widget-container\">\n\t\t\t<style>\/*! elementor - v3.20.0 - 26-03-2024 *\/\n.elementor-widget-text-editor.elementor-drop-cap-view-stacked .elementor-drop-cap{background-color:#69727d;color:#fff}.elementor-widget-text-editor.elementor-drop-cap-view-framed .elementor-drop-cap{color:#69727d;border:3px solid;background-color:transparent}.elementor-widget-text-editor:not(.elementor-drop-cap-view-default) .elementor-drop-cap{margin-top:8px}.elementor-widget-text-editor:not(.elementor-drop-cap-view-default) .elementor-drop-cap-letter{width:1em;height:1em}.elementor-widget-text-editor .elementor-drop-cap{float:left;text-align:center;line-height:1;font-size:50px}.elementor-widget-text-editor .elementor-drop-cap-letter{display:inline-block}<\/style>\t\t\t\t<p>Sakal ve b\u0131y\u0131\u011f\u0131n\u0131z seyrekse ya da daha az \u00e7\u0131k\u0131yorsa Sakal B\u0131y\u0131k Ka\u015f Ekimi ile art\u0131k bunun tedavisi var. K\u0131l k\u00f6k\u00fc nakliyle art\u0131k bu m\u00fcmk\u00fcn. B\u00f6lgesel seyrelmeler, sa\u00e7k\u0131ran ya da yara izi nedeniyle a\u00e7\u0131lma olan b\u00f6lgelere FUE tekni\u011fi yle yap\u0131lan nakil sayesinde daha estetik bir g\u00f6r\u00fcn\u00fcme kavu\u015fmak m\u00fcmk\u00fcnd\u00fcr.<\/p><p>Uluslararas\u0131 Sa\u00e7 Cerrahisi Derne\u011fi\u2019nin (ISHRS) yapt\u0131\u011f\u0131 istatisti\u011fe g\u00f6re, \u00f6zellikle sa\u00e7 nakli konusunda kamuoyunun bilgisinin artmas\u0131yla T\u00fcrkiye ve yak\u0131n co\u011frafyalarda sakal ve b\u0131y\u0131k nakline olan talepte b\u00fcy\u00fck oranda art\u0131\u015f g\u00f6zlenmi\u015ftir. K\u0131ls\u0131z b\u00f6lgelerde yeni k\u0131l \u00e7\u0131karman\u0131n tedavisi hen\u00fcz yoktur. Bu nedenle en iyi y\u00f6ntem nakil i\u015flemidir. B\u00f6lgesel seyrelmeler, sa\u00e7k\u0131ran ya da yara izleri olan b\u00f6lgelere FUE ve FUT tekni\u011fiyle yap\u0131lan nakil sayesinde daha estetik bir g\u00f6r\u00fcn\u00fcme kavu\u015fmak m\u00fcmk\u00fcnd\u00fcr.<\/p>\t\t\t\t\t\t<\/div>\n\t\t\t\t<\/div>\n\t\t<div class=\"elementor-element elementor-element-5f1b994 e-flex e-con-boxed e-con e-parent\" data-id=\"5f1b994\" data-element_type=\"container\" data-core-v316-plus=\"true\">\n\t\t\t\t\t<div class=\"e-con-inner\">\n\t\t\t\t<div class=\"elementor-element elementor-element-cfd883e elementor-widget elementor-widget-text-editor\" data-id=\"cfd883e\" data-element_type=\"widget\" data-widget_type=\"text-editor.default\">\n\t\t\t\t<div class=\"elementor-widget-container\">\n\t\t\t\t\t\t\t<p><strong>Sakal B\u0131y\u0131k Ka\u015f Ekimi Kimler \u0130\u00e7in Uygundur?<\/strong><\/p><p>K\u00f6selik veya seyrek sakal ile b\u0131y\u0131k, ki\u015filerin ekim i\u00e7in ba\u015fvurma sebeplerinin ba\u015f\u0131nda gelir. Sakal ekimi, hormonlar\u0131n bazal seviyeye ula\u015ft\u0131\u011f\u0131 20-22 ya\u015flar\u0131ndan itibaren yap\u0131labilir. Ayr\u0131ca favorilerini uzatmak isteyen, iki g\u00fcnl\u00fck sakal g\u00f6r\u00fcnt\u00fcs\u00fcn\u00fc seven ancak sakal telleri d\u00fczensiz veya aral\u0131kl\u0131 \u00e7\u0131kan erkekler i\u00e7in de bu i\u015flem tercih edilir. Sakal ektirme i\u015flemi, hi\u00e7 sakal\u0131 olmayanlara oldu\u011fu gibi sakal\u0131nda par\u00e7a par\u00e7a k\u0131ls\u0131z b\u00f6lgeleri olan erkeklere de uygulanabilir.<\/p>\t\t\t\t\t\t<\/div>\n\t\t\t\t<\/div>\n\t\t\t\t\t<\/div>\n\t\t\t\t<\/div>\n\t\t\t\t<\/div>\n\t\t\t\t\t<\/div>\n\t\t\t\t<\/div>\n\t\t<div class=\"elementor-element elementor-element-a779ee6 e-flex e-con-boxed e-con e-parent\" data-id=\"a779ee6\" data-element_type=\"container\" data-settings=\"{&quot;background_background&quot;:&quot;classic&quot;}\" data-core-v316-plus=\"true\">\n\t\t\t\t\t<div class=\"e-con-inner\">\n\t\t\t\t<div class=\"elementor-element elementor-element-00e0e69 elementor-widget elementor-widget-heading\" data-id=\"00e0e69\" data-element_type=\"widget\" data-widget_type=\"heading.default\">\n\t\t\t\t<div class=\"elementor-widget-container\">\n\t\t\t<span class=\"elementor-heading-title elementor-size-default\">H\u0131zl\u0131 <span style=\"color:var(--paletteColor1)\">Ba\u015fvuru<\/span><\/span>\t\t<\/div>\n\t\t\t\t<\/div>\n\t\t\t\t<div class=\"elementor-element elementor-element-e9c845b elementor-widget elementor-widget-shortcode\" data-id=\"e9c845b\" data-element_type=\"widget\" data-widget_type=\"shortcode.default\">\n\t\t\t\t<div class=\"elementor-widget-container\">\n\t\t\t\t\t<div class=\"elementor-shortcode\">\n<div class=\"wpcf7 no-js\" id=\"wpcf7-f1896-o1\" lang=\"en-US\" dir=\"ltr\">\n<div class=\"screen-reader-response\"><p role=\"status\" aria-live=\"polite\" aria-atomic=\"true\"><\/p> <ul><\/ul><\/div>\n<form action=\"\/tr\/wp-json\/wp\/v2\/pages\/2533#wpcf7-f1896-o1\" method=\"post\" class=\"wpcf7-form init\" aria-label=\"Contact form\" novalidate=\"novalidate\" data-status=\"init\">\n<div style=\"display: none;\">\n<input type=\"hidden\" name=\"_wpcf7\" value=\"1896\" \/>\n<input type=\"hidden\" name=\"_wpcf7_version\" value=\"5.9.3\" \/>\n<input type=\"hidden\" name=\"_wpcf7_locale\" value=\"en_US\" \/>\n<input type=\"hidden\" name=\"_wpcf7_unit_tag\" value=\"wpcf7-f1896-o1\" \/>\n<input type=\"hidden\" name=\"_wpcf7_container_post\" value=\"0\" \/>\n<input type=\"hidden\" name=\"_wpcf7_posted_data_hash\" value=\"\" \/>\n<\/div>\n<div class=\"container ps-0 pe-0 px-0\">\n\t<div class=\"row ps-0 pe-0 px-0\">\n\t\t<div class=\"col-12 col-sm-12 col-md-6 col-lg-3 mb-2\">\n\t\t\t<p><label>\u0130sim Soyisim *<\/label><br \/>\n<span class=\"wpcf7-form-control-wrap\" data-name=\"fullname\"><input size=\"40\" class=\"wpcf7-form-control wpcf7-text wpcf7-validates-as-required\" aria-required=\"true\" aria-invalid=\"false\" value=\"\" type=\"text\" name=\"fullname\" \/><\/span>\n\t\t\t<\/p>\n\t\t<\/div>\n\t\t<div class=\"col-12 col-sm-12 col-md-6 col-lg-3 mb-2\">\n\t\t\t<p><label>E-Posta Adresi *<\/label><br \/>\n<span class=\"wpcf7-form-control-wrap\" data-name=\"email\"><input size=\"40\" class=\"wpcf7-form-control wpcf7-email wpcf7-validates-as-required wpcf7-text wpcf7-validates-as-email\" autocomplete=\"email\" aria-required=\"true\" aria-invalid=\"false\" value=\"\" type=\"email\" name=\"email\" \/><\/span>\n\t\t\t<\/p>\n\t\t<\/div>\n\t\t<div class=\"col-12 col-sm-12 col-md-6 col-lg-3 mb-2\">\n\t\t\t<p><label>Telefon *<\/label><br \/>\n<span class=\"wpcf7-form-control-wrap\" data-name=\"phone\"><input size=\"40\" class=\"wpcf7-form-control wpcf7-tel wpcf7-validates-as-required wpcf7-text wpcf7-validates-as-tel\" aria-required=\"true\" aria-invalid=\"false\" value=\"\" type=\"tel\" name=\"phone\" \/><\/span>\n\t\t\t<\/p>\n\t\t<\/div>\n\t\t<div class=\"col-12 col-sm-12 col-md-6 col-lg-3 mb-2\">\n\t\t\t<p><label>Hizmet *<\/label><br \/>\n<span class=\"wpcf7-form-control-wrap\" data-name=\"service\"><select class=\"wpcf7-form-control wpcf7-select wpcf7-validates-as-required\" aria-required=\"true\" aria-invalid=\"false\" name=\"service\"><option value=\"FUE Sa\u00e7 Ekimi\">FUE Sa\u00e7 Ekimi<\/option><option value=\"PRP Tedavisi\">PRP Tedavisi<\/option><option value=\"DHI Sa\u00e7 Ekimi\">DHI Sa\u00e7 Ekimi<\/option><option value=\"Safir Sa\u00e7 Ekimi\">Safir Sa\u00e7 Ekimi<\/option><option value=\"Sakal, B\u0131y\u0131k, Ka\u015f Ekimi\">Sakal, B\u0131y\u0131k, Ka\u015f Ekimi<\/option><option value=\"Tra\u015fs\u0131z Sa\u00e7 Ekimi\">Tra\u015fs\u0131z Sa\u00e7 Ekimi<\/option><option value=\"Sedasyonlu Sa\u00e7 Ekimi\">Sedasyonlu Sa\u00e7 Ekimi<\/option><option value=\"A\u011fr\u0131s\u0131z, \u0130\u011fnesiz Sa\u00e7 Ekimi\">A\u011fr\u0131s\u0131z, \u0130\u011fnesiz Sa\u00e7 Ekimi<\/option><option value=\"Yara \u0130zi ve Yan\u0131k Tedavisi\">Yara \u0130zi ve Yan\u0131k Tedavisi<\/option><option value=\"Mezoterapi Tedavisi\">Mezoterapi Tedavisi<\/option><\/select><\/span>\n\t\t\t<\/p>\n\t\t<\/div>\n\t\t<div class=\"col-12 col-sm-12 col-md-12 col-lg-12 mt-2\">\n\t\t\t<p><input class=\"wpcf7-form-control wpcf7-submit has-spinner\" type=\"submit\" value=\"G\u00f6nder\" \/>\n\t\t\t<\/p>\n\t\t<\/div>\n\t<\/div>\n<\/div><div class=\"wpcf7-response-output\" aria-hidden=\"true\"><\/div>\n<\/form>\n<\/div>\n<\/div>\n\t\t\t\t<\/div>\n\t\t\t\t<\/div>\n\t\t\t\t\t<\/div>\n\t\t\t\t<\/div>\n\t\t\t\t<\/div>\n\t\t","protected":false},"excerpt":{"rendered":"<p>Sakal Ekimi Sakal Ekimi Hakk\u0131nda \u00d6zet \u00c7al\u0131\u015fma S\u00fcresi 8-10 saat \u00c7al\u0131\u015fma Alan\u0131 Kafa Anestezi T\u00fcr\u00fc Yerel Ac\u0131 E\u015fi\u011fi Operasyondan Sonra Ba\u015flang\u0131\u00e7 \u200b\u200bZaman\u0131 1 G\u00fcn Sonra \u0130lk Du\u015f 2 G\u00fcn Sonra Kurtarma S\u00fcresi 15 G\u00fcn Yeniden \u0130\u015flem Durumu Gerek Yok Spor Salonu-Kardiyo 15 G\u00fcn Diki\u015f \u0130\u015fareti Ac\u0131 Yok Ya\u015f S\u0131n\u0131r\u0131 18 Sakal ve b\u0131y\u0131\u011f\u0131n\u0131z seyrekse ya da daha az \u00e7\u0131k\u0131yorsa Sakal B\u0131y\u0131k Ka\u015f Ekimi ile art\u0131k bunun tedavisi var. K\u0131l k\u00f6k\u00fc nakliyle art\u0131k bu m\u00fcmk\u00fcn. B\u00f6lgesel seyrelmeler, sa\u00e7k\u0131ran ya da yara izi nedeniyle a\u00e7\u0131lma olan b\u00f6lgelere FUE tekni\u011fi yle yap\u0131lan nakil sayesinde daha estetik bir g\u00f6r\u00fcn\u00fcme kavu\u015fmak m\u00fcmk\u00fcnd\u00fcr. Uluslararas\u0131 Sa\u00e7 Cerrahisi\u2026<\/p>\n","protected":false},"author":1,"featured_media":0,"parent":0,"menu_order":0,"comment_status":"closed","ping_status":"closed","template":"","meta":{"om_disable_all_campaigns":false,"_monsterinsights_skip_tracking":false,"_monsterinsights_sitenote_active":false,"_monsterinsights_sitenote_note":"","_monsterinsights_sitenote_category":0,"_joinchat":[],"footnotes":""},"blocksy_meta":{"page_title_panel":"","has_hero_section":"disabled","611c92d935758790a591783e16fbb041":"","hero_section":"type-1","hero_elements":[{"id":"custom_title","enabled":true,"heading_tag":"h1","title":"Home"},{"id":"custom_description","enabled":true,"description_visibility":{"desktop":true,"tablet":true,"mobile":false}},{"id":"custom_meta","enabled":false,"meta_elements":[{"id":"author","enabled":true,"label":"By","has_author_avatar":"yes","avatar_size":25},{"id":"post_date","enabled":true,"label":"On","date_format_source":"default","date_format":"M j, Y"},{"id":"updated_date","enabled":false,"label":"On","date_format_source":"default","date_format":"M j, Y"},{"id":"categories","enabled":false,"label":"In","style":"simple"},{"id":"comments","enabled":true}],"page_meta_elements":{"joined":true,"articles_count":true,"comments":true}},{"id":"breadcrumbs","enabled":false}],"46e8d3be9da0d1b82f8af8a9cd0f710d":"","hero_alignment1":"CT_CSS_SKIP_RULE","hero_margin":40,"hero_alignment2":"center","hero_vertical_alignment":"center","362640cecb7f38c45fc0d1a335915791":"","hero_structure":"narrow","e336875188121c375021e4fb0e81c0bb":"","page_title_bg_type":"featured_image","custom_hero_background":{"attachment_id":null},"page_title_image_size":"full","parallax":{"desktop":false,"tablet":false,"mobile":false},"57e5570a8110099c3e979646c8607ab1":"","hero_height":"250px","pageTitleFont":{"family":"Default","variation":"Default","size":"30px","line-height":"CT_CSS_SKIP_RULE","letter-spacing":"CT_CSS_SKIP_RULE","text-transform":"CT_CSS_SKIP_RULE","text-decoration":"CT_CSS_SKIP_RULE"},"pageTitleFontColor":{"default":{"color":"CT_CSS_SKIP_RULEDEFAULT"}},"pageMetaFont":{"family":"Default","variation":"n6","size":"12px","line-height":"1.3","letter-spacing":"CT_CSS_SKIP_RULE","text-transform":"uppercase","text-decoration":"CT_CSS_SKIP_RULE"},"pageMetaFontColor":{"default":{"color":"CT_CSS_SKIP_RULEDEFAULT"},"hover":{"color":"CT_CSS_SKIP_RULEDEFAULT"}},"page_meta_button_type_font_colors":{"default":{"color":"CT_CSS_SKIP_RULEDEFAULT"},"hover":{"color":"CT_CSS_SKIP_RULEDEFAULT"}},"page_meta_button_type_background_colors":{"default":{"color":"CT_CSS_SKIP_RULEDEFAULT"},"hover":{"color":"CT_CSS_SKIP_RULEDEFAULT"}},"pageExcerptFont":{"family":"Default","variation":"Default","size":"CT_CSS_SKIP_RULE","line-height":"CT_CSS_SKIP_RULE","letter-spacing":"CT_CSS_SKIP_RULE","text-transform":"CT_CSS_SKIP_RULE","text-decoration":"CT_CSS_SKIP_RULE"},"pageExcerptColor":{"default":{"color":"CT_CSS_SKIP_RULEDEFAULT"}},"breadcrumbsFont":{"family":"Default","variation":"Default","size":"CT_CSS_SKIP_RULE","line-height":"CT_CSS_SKIP_RULE","letter-spacing":"CT_CSS_SKIP_RULE","text-transform":"CT_CSS_SKIP_RULE","text-decoration":"CT_CSS_SKIP_RULE"},"breadcrumbsFontColor":{"default":{"color":"CT_CSS_SKIP_RULEDEFAULT"},"initial":{"color":"CT_CSS_SKIP_RULEDEFAULT"},"hover":{"color":"CT_CSS_SKIP_RULEDEFAULT"}},"pageTitleOverlay":{"background_type":"color","background_pattern":"type-1","background_image":{"attachment_id":null,"x":0,"y":0},"gradient":"linear-gradient(135deg,rgba(6,147,227,1) 0%,rgb(155,81,224) 100%)","background_repeat":"repeat","background_size":"auto","background_attachment":"scroll","patternColor":{"default":{"color":"#e5e7ea"}},"overlayColor":{"default":{"color":"CT_CSS_SKIP_RULE"}},"backgroundColor":{"default":{"color":"CT_CSS_SKIP_RULE"}}},"pageTitleBackground":{"background_type":"color","background_pattern":"type-1","background_image":{"attachment_id":null,"x":0,"y":0},"gradient":"linear-gradient(135deg,rgba(6,147,227,1) 0%,rgb(155,81,224) 100%)","background_repeat":"repeat","background_size":"auto","background_attachment":"scroll","patternColor":{"default":{"color":"#e5e7ea"}},"overlayColor":{"default":{"color":"CT_CSS_SKIP_RULE"}},"backgroundColor":{"default":{"color":"var(--paletteColor6)"}}},"pageTitlePadding":{"top":"50px","bottom":"50px","left":"auto","right":"auto","linked":true},"3ca83537ec355e8d63870a30117b1ce8":"","page_structure_type":"default","dcdc5c66dddca70118f5ac7cc86bba1b":"","content_style_source":"inherit","content_style":"wide","vertical_spacing_source":"custom","content_area_spacing":"none","background":{"background_type":"color","background_pattern":"type-1","background_image":{"attachment_id":null,"x":0,"y":0},"gradient":"linear-gradient(135deg,rgba(6,147,227,1) 0%,rgb(155,81,224) 100%)","background_repeat":"repeat","background_size":"auto","background_attachment":"scroll","patternColor":{"default":{"color":"#e5e7ea"}},"overlayColor":{"default":{"color":"CT_CSS_SKIP_RULE"}},"backgroundColor":{"default":{"color":"CT_CSS_SKIP_RULE"}}},"content_background":{"background_type":"color","background_pattern":"type-1","background_image":{"attachment_id":null,"x":0,"y":0},"gradient":"linear-gradient(135deg,rgba(6,147,227,1) 0%,rgb(155,81,224) 100%)","background_repeat":"repeat","background_size":"auto","background_attachment":"scroll","patternColor":{"default":{"color":"#e5e7ea"}},"overlayColor":{"default":{"color":"CT_CSS_SKIP_RULE"}},"backgroundColor":{"default":{"color":"var(--paletteColor8)"}}},"content_boxed_shadow":{"inherit":false,"blur":18,"spread":-6,"v_offset":12,"h_offset":0,"inset":false,"enable":true,"color":{"color":"rgba(34, 56, 101, 0.04)"}},"content_boxed_border":{"width":1,"style":"none","color":{"color":"rgba(44,62,80,0.2)"}},"content_boxed_radius":{"top":"3px","bottom":"3px","left":"3px","right":"3px","linked":true},"boxed_content_spacing":{"desktop":{"top":"40px","bottom":"40px","left":"40px","right":"40px","linked":true},"tablet":{"top":"35px","bottom":"35px","left":"35px","right":"35px","linked":true},"mobile":{"top":"20px","bottom":"20px","left":"20px","right":"20px","linked":true}},"e7c68c01908467f471590cb05016567f":"","disable_featured_image":"no","disable_share_box":"no","disable_header":"no","disable_footer":"no","styles_descriptor":{"styles":{"desktop":"","tablet":"","mobile":""},"google_fonts":[],"version":5}},"_links":{"self":[{"href":"https:\/\/wonderhairclinic.com\/tr\/wp-json\/wp\/v2\/pages\/2533"}],"collection":[{"href":"https:\/\/wonderhairclinic.com\/tr\/wp-json\/wp\/v2\/pages"}],"about":[{"href":"https:\/\/wonderhairclinic.com\/tr\/wp-json\/wp\/v2\/types\/page"}],"author":[{"embeddable":true,"href":"https:\/\/wonderhairclinic.com\/tr\/wp-json\/wp\/v2\/users\/1"}],"replies":[{"embeddable":true,"href":"https:\/\/wonderhairclinic.com\/tr\/wp-json\/wp\/v2\/comments?post=2533"}],"version-history":[{"count":17,"href":"https:\/\/wonderhairclinic.com\/tr\/wp-json\/wp\/v2\/pages\/2533\/revisions"}],"predecessor-version":[{"id":4278,"href":"https:\/\/wonderhairclinic.com\/tr\/wp-json\/wp\/v2\/pages\/2533\/revisions\/4278"}],"wp:attachment":[{"href":"https:\/\/wonderhairclinic.com\/tr\/wp-json\/wp\/v2\/media?parent=2533"}],"curies":[{"name":"wp","href":"https:\/\/api.w.org\/{rel}","templated":true}]}}