{"id":2501,"date":"2023-06-08T21:38:47","date_gmt":"2023-06-08T21:38:47","guid":{"rendered":"https:\/\/whc.roible.net\/?page_id=2501"},"modified":"2023-06-17T13:08:50","modified_gmt":"2023-06-17T13:08:50","slug":"safir-sac-ekimi","status":"publish","type":"page","link":"https:\/\/wonderhairclinic.com\/tr\/safir-sac-ekimi\/","title":{"rendered":"Safir Sa\u00e7 Ekimi"},"content":{"rendered":"\t\t<div data-elementor-type=\"wp-page\" data-elementor-id=\"2501\" class=\"elementor elementor-2501 elementor-2492\">\n\t\t\t\t<div class=\"elementor-element elementor-element-0aa070e e-flex e-con-boxed e-con e-parent\" data-id=\"0aa070e\" data-element_type=\"container\" data-settings=\"{&quot;background_background&quot;:&quot;classic&quot;}\" data-core-v316-plus=\"true\">\n\t\t\t\t\t<div class=\"e-con-inner\">\n\t\t\t\t<div class=\"elementor-element elementor-element-84f59a5 elementor-widget elementor-widget-heading\" data-id=\"84f59a5\" data-element_type=\"widget\" data-widget_type=\"heading.default\">\n\t\t\t\t<div class=\"elementor-widget-container\">\n\t\t\t<style>\/*! elementor - v3.20.0 - 26-03-2024 *\/\n.elementor-heading-title{padding:0;margin:0;line-height:1}.elementor-widget-heading .elementor-heading-title[class*=elementor-size-]>a{color:inherit;font-size:inherit;line-height:inherit}.elementor-widget-heading .elementor-heading-title.elementor-size-small{font-size:15px}.elementor-widget-heading .elementor-heading-title.elementor-size-medium{font-size:19px}.elementor-widget-heading .elementor-heading-title.elementor-size-large{font-size:29px}.elementor-widget-heading .elementor-heading-title.elementor-size-xl{font-size:39px}.elementor-widget-heading .elementor-heading-title.elementor-size-xxl{font-size:59px}<\/style><h1 class=\"elementor-heading-title elementor-size-default\">Safir Sa\u00e7 Ekimi<\/h1>\t\t<\/div>\n\t\t\t\t<\/div>\n\t\t\t\t\t<\/div>\n\t\t\t\t<\/div>\n\t\t<div class=\"elementor-element elementor-element-2aa2895 e-flex e-con-boxed e-con e-parent\" data-id=\"2aa2895\" data-element_type=\"container\" data-core-v316-plus=\"true\">\n\t\t\t\t\t<div class=\"e-con-inner\">\n\t\t<div class=\"elementor-element elementor-element-184e4c3 e-con-full e-flex e-con e-parent\" data-id=\"184e4c3\" data-element_type=\"container\" data-settings=\"{&quot;background_background&quot;:&quot;classic&quot;}\" data-core-v316-plus=\"true\">\n\t\t\t\t<div class=\"elementor-element elementor-element-a2ec902 elementor-widget elementor-widget-heading\" data-id=\"a2ec902\" data-element_type=\"widget\" data-widget_type=\"heading.default\">\n\t\t\t\t<div class=\"elementor-widget-container\">\n\t\t\t<h2 class=\"elementor-heading-title elementor-size-default\">Safir Sa\u00e7 Ekimi Hakk\u0131nda \u00d6zet<\/h2>\t\t<\/div>\n\t\t\t\t<\/div>\n\t\t<div class=\"elementor-element elementor-element-c3534da e-grid e-con-boxed e-con e-parent\" data-id=\"c3534da\" data-element_type=\"container\" data-core-v316-plus=\"true\">\n\t\t\t\t\t<div class=\"e-con-inner\">\n\t\t\t\t<div class=\"elementor-element elementor-element-eafb80d elementor-widget elementor-widget-html\" data-id=\"eafb80d\" data-element_type=\"widget\" data-widget_type=\"html.default\">\n\t\t\t\t<div class=\"elementor-widget-container\">\n\t\t\t<table class=\"wonder-service-table\">\r\n    <tbody>\r\n        <tr>\r\n            <td>\u00c7al\u0131\u015fma S\u00fcresi<\/td>\r\n            <td>8-10 saat<\/td>\r\n        <\/tr>\r\n        <tr>\r\n            <td>\u00c7al\u0131\u015fma Alan\u0131<\/td>\r\n            <td>Kafa<\/td>\r\n        <\/tr>\r\n        <tr>\r\n            <td>Anestezi T\u00fcr\u00fc<\/td>\r\n            <td>Yerel<\/td>\r\n        <\/tr>\r\n        <tr>\r\n            <td>Ac\u0131 E\u015fi\u011fi<\/td>\r\n            <td>Operasyondan Sonra<\/td>\r\n        <\/tr>\r\n        <tr>\r\n            <td>Ba\u015flang\u0131\u00e7 \u200b\u200bZaman\u0131<\/td>\r\n            <td>1 G\u00fcn Sonra<\/td>\r\n        <\/tr>\r\n        <tr>\r\n            <td>\u0130lk Du\u015f<\/td>\r\n            <td>2 G\u00fcn Sonra<\/td>\r\n        <\/tr>\r\n        <tr>\r\n            <td>Kurtarma S\u00fcresi<\/td>\r\n            <td>15 G\u00fcn<\/td>\r\n        <\/tr>\r\n        <tr>\r\n            <td>Yeniden \u0130\u015flem Durumu<\/td>\r\n            <td>Gerek Yok<\/td>\r\n        <\/tr>\r\n        <tr>\r\n            <td>Spor Salonu-Kardiyo<\/td>\r\n            <td>15 G\u00fcn<\/td>\r\n        <\/tr>\r\n        <tr>\r\n            <td>Diki\u015f \u0130\u015fareti<\/td>\r\n            <td>Ac\u0131 Yok<\/td>\r\n        <\/tr>\r\n        <tr>\r\n            <td>Ya\u015f S\u0131n\u0131r\u0131<\/td>\r\n            <td>18<\/td>\r\n        <\/tr>\r\n    <\/tbody>\r\n<\/table>\t\t<\/div>\n\t\t\t\t<\/div>\n\t\t\t\t<div class=\"elementor-element elementor-element-2b70945 elementor-widget elementor-widget-image\" data-id=\"2b70945\" data-element_type=\"widget\" data-widget_type=\"image.default\">\n\t\t\t\t<div class=\"elementor-widget-container\">\n\t\t\t<style>\/*! elementor - v3.20.0 - 26-03-2024 *\/\n.elementor-widget-image{text-align:center}.elementor-widget-image a{display:inline-block}.elementor-widget-image a img[src$=\".svg\"]{width:48px}.elementor-widget-image img{vertical-align:middle;display:inline-block}<\/style>\t\t\t\t\t\t\t\t\t\t<img fetchpriority=\"high\" decoding=\"async\" width=\"700\" height=\"350\" src=\"https:\/\/wonderhairclinic.com\/wp-content\/uploads\/2023\/06\/safir-sac-ekimi.png\" class=\"attachment-full size-full wp-image-2095\" alt=\"\" srcset=\"https:\/\/wonderhairclinic.com\/wp-content\/uploads\/2023\/06\/safir-sac-ekimi.png 700w, https:\/\/wonderhairclinic.com\/wp-content\/uploads\/2023\/06\/safir-sac-ekimi-300x150.png 300w\" sizes=\"(max-width: 700px) 100vw, 700px\" \/>\t\t\t\t\t\t\t\t\t\t\t\t\t<\/div>\n\t\t\t\t<\/div>\n\t\t\t\t\t<\/div>\n\t\t\t\t<\/div>\n\t\t\t\t<div class=\"elementor-element elementor-element-1dba837 elementor-widget elementor-widget-text-editor\" data-id=\"1dba837\" data-element_type=\"widget\" data-widget_type=\"text-editor.default\">\n\t\t\t\t<div class=\"elementor-widget-container\">\n\t\t\t<style>\/*! elementor - v3.20.0 - 26-03-2024 *\/\n.elementor-widget-text-editor.elementor-drop-cap-view-stacked .elementor-drop-cap{background-color:#69727d;color:#fff}.elementor-widget-text-editor.elementor-drop-cap-view-framed .elementor-drop-cap{color:#69727d;border:3px solid;background-color:transparent}.elementor-widget-text-editor:not(.elementor-drop-cap-view-default) .elementor-drop-cap{margin-top:8px}.elementor-widget-text-editor:not(.elementor-drop-cap-view-default) .elementor-drop-cap-letter{width:1em;height:1em}.elementor-widget-text-editor .elementor-drop-cap{float:left;text-align:center;line-height:1;font-size:50px}.elementor-widget-text-editor .elementor-drop-cap-letter{display:inline-block}<\/style>\t\t\t\t<p>Safir sa\u00e7 ekimi, kanallar a\u00e7\u0131l\u0131rken son teknoloji safir b\u0131\u00e7aklar\u0131n kullan\u0131ld\u0131\u011f\u0131 fue sa\u00e7 ekimine verilen isimdir .<\/p><p><strong>Safir Sa\u00e7 Ekimi Nas\u0131l Uygulan\u0131r?<\/strong><\/p><p>Sosyal medyan\u0131n \u00e7ok \u00f6nemli oldu\u011fu g\u00fcn\u00fcm\u00fczde bireylerin estetik kayg\u0131lar\u0131n\u0131n artmas\u0131 estetik i\u015flemlerin say\u0131lar\u0131n\u0131n katlanarak artmas\u0131na yol a\u00e7m\u0131\u015ft\u0131r. Erkekler s\u00f6z konusu oldu\u011funda fue sa\u00e7 ekiminin en pop\u00fcler uygulamas\u0131 olan safir sa\u00e7 ekimi en \u00e7ok ba\u015fvurulan estetik prosed\u00fcrd\u00fcr. Safir sa\u00e7 ekiminde transfer edilecek sa\u00e7lar \u00f6ncelikle mikro fue y\u00f6ntemi ile ki\u015finin don\u00f6r b\u00f6lgesinden mikromotor kullan\u0131larak al\u0131n\u0131r. Mikromotorlar\u0131n kullan\u0131m\u0131, manuel punch kullan\u0131larak yap\u0131lan al\u0131ma g\u00f6re don\u00f6r alandan daha fazla say\u0131da greftin (folik\u00fcler \u00fcnit), daha k\u0131sa s\u00fcrede al\u0131nmas\u0131na imkan tan\u0131yarak safir sa\u00e7 ekimi sonu\u00e7lar\u0131n\u0131n daha s\u0131k ve daha do\u011fal olmas\u0131n\u0131 m\u00fcmk\u00fcn k\u0131lar. Mikromotor kullan\u0131larak yap\u0131lan fue sa\u00e7 ekimi i\u015flemlerine ayn\u0131 zamanda \u201cMikro FUE sa\u00e7 ekimi\u201d ad\u0131 da verilir.<\/p><p>Al\u0131m i\u015flemi bittikten sonra doktorlar safir b\u0131\u00e7aklar\u0131 kullanarak istedikleri a\u00e7\u0131, y\u00f6n ve s\u0131kl\u0131kta kanallar\u0131 a\u00e7arlar. Bu i\u015flem safir sa\u00e7 ekimi i\u015fleminin en \u00f6nemli a\u015famalar\u0131ndan biridir.<\/p><p>Daha sonra \u00fc\u00e7\u00fcnc\u00fc ve son a\u015fama olana ekim i\u015flemine ba\u015flan\u0131r. Bu s\u00fcre\u00e7te enseden al\u0131nan sa\u00e7 k\u00f6kleri safir b\u0131\u00e7aklar kullan\u0131larak cerrahlar\u0131m\u0131z taraf\u0131ndan \u00f6zenle a\u00e7\u0131lm\u0131\u015f mikro kesiler, kanallar i\u00e7erisine ekilir ve safir sa\u00e7 ekimi i\u015flemi tamamlanm\u0131\u015f olur. Sa\u00e7 k\u00f6klerindeki dokuya ekim a\u015famas\u0131nda olu\u015fan zarar\u0131 en aza indiren bu y\u00f6ntem ile iyile\u015fme s\u00fcreci olduk\u00e7a k\u0131sa s\u00fcrmektedir. Ayr\u0131ca iyile\u015fme s\u00fcrecinde olu\u015facak olan \u00f6dem ve yara gibi fakt\u00f6rlerde bu y\u00f6ntem ile minimum seviyede g\u00f6r\u00fclmektedir.<\/p>\t\t\t\t\t\t<\/div>\n\t\t\t\t<\/div>\n\t\t\t\t<\/div>\n\t\t\t\t\t<\/div>\n\t\t\t\t<\/div>\n\t\t<div class=\"elementor-element elementor-element-a779ee6 e-flex e-con-boxed e-con e-parent\" data-id=\"a779ee6\" data-element_type=\"container\" data-settings=\"{&quot;background_background&quot;:&quot;classic&quot;}\" data-core-v316-plus=\"true\">\n\t\t\t\t\t<div class=\"e-con-inner\">\n\t\t\t\t<div class=\"elementor-element elementor-element-00e0e69 elementor-widget elementor-widget-heading\" data-id=\"00e0e69\" data-element_type=\"widget\" data-widget_type=\"heading.default\">\n\t\t\t\t<div class=\"elementor-widget-container\">\n\t\t\t<span class=\"elementor-heading-title elementor-size-default\">H\u0131zl\u0131 <span style=\"color:var(--paletteColor1)\">Ba\u015fvuru<\/span><\/span>\t\t<\/div>\n\t\t\t\t<\/div>\n\t\t\t\t<div class=\"elementor-element elementor-element-e9c845b elementor-widget elementor-widget-shortcode\" data-id=\"e9c845b\" data-element_type=\"widget\" data-widget_type=\"shortcode.default\">\n\t\t\t\t<div class=\"elementor-widget-container\">\n\t\t\t\t\t<div class=\"elementor-shortcode\">\n<div class=\"wpcf7 no-js\" id=\"wpcf7-f1896-o1\" lang=\"en-US\" dir=\"ltr\">\n<div class=\"screen-reader-response\"><p role=\"status\" aria-live=\"polite\" aria-atomic=\"true\"><\/p> <ul><\/ul><\/div>\n<form action=\"\/tr\/wp-json\/wp\/v2\/pages\/2501#wpcf7-f1896-o1\" method=\"post\" class=\"wpcf7-form init\" aria-label=\"Contact form\" novalidate=\"novalidate\" data-status=\"init\">\n<div style=\"display: none;\">\n<input type=\"hidden\" name=\"_wpcf7\" value=\"1896\" \/>\n<input type=\"hidden\" name=\"_wpcf7_version\" value=\"5.9.3\" \/>\n<input type=\"hidden\" name=\"_wpcf7_locale\" value=\"en_US\" \/>\n<input type=\"hidden\" name=\"_wpcf7_unit_tag\" value=\"wpcf7-f1896-o1\" \/>\n<input type=\"hidden\" name=\"_wpcf7_container_post\" value=\"0\" \/>\n<input type=\"hidden\" name=\"_wpcf7_posted_data_hash\" value=\"\" \/>\n<\/div>\n<div class=\"container ps-0 pe-0 px-0\">\n\t<div class=\"row ps-0 pe-0 px-0\">\n\t\t<div class=\"col-12 col-sm-12 col-md-6 col-lg-3 mb-2\">\n\t\t\t<p><label>\u0130sim Soyisim *<\/label><br \/>\n<span class=\"wpcf7-form-control-wrap\" data-name=\"fullname\"><input size=\"40\" class=\"wpcf7-form-control wpcf7-text wpcf7-validates-as-required\" aria-required=\"true\" aria-invalid=\"false\" value=\"\" type=\"text\" name=\"fullname\" \/><\/span>\n\t\t\t<\/p>\n\t\t<\/div>\n\t\t<div class=\"col-12 col-sm-12 col-md-6 col-lg-3 mb-2\">\n\t\t\t<p><label>E-Posta Adresi *<\/label><br \/>\n<span class=\"wpcf7-form-control-wrap\" data-name=\"email\"><input size=\"40\" class=\"wpcf7-form-control wpcf7-email wpcf7-validates-as-required wpcf7-text wpcf7-validates-as-email\" autocomplete=\"email\" aria-required=\"true\" aria-invalid=\"false\" value=\"\" type=\"email\" name=\"email\" \/><\/span>\n\t\t\t<\/p>\n\t\t<\/div>\n\t\t<div class=\"col-12 col-sm-12 col-md-6 col-lg-3 mb-2\">\n\t\t\t<p><label>Telefon *<\/label><br \/>\n<span class=\"wpcf7-form-control-wrap\" data-name=\"phone\"><input size=\"40\" class=\"wpcf7-form-control wpcf7-tel wpcf7-validates-as-required wpcf7-text wpcf7-validates-as-tel\" aria-required=\"true\" aria-invalid=\"false\" value=\"\" type=\"tel\" name=\"phone\" \/><\/span>\n\t\t\t<\/p>\n\t\t<\/div>\n\t\t<div class=\"col-12 col-sm-12 col-md-6 col-lg-3 mb-2\">\n\t\t\t<p><label>Hizmet *<\/label><br \/>\n<span class=\"wpcf7-form-control-wrap\" data-name=\"service\"><select class=\"wpcf7-form-control wpcf7-select wpcf7-validates-as-required\" aria-required=\"true\" aria-invalid=\"false\" name=\"service\"><option value=\"FUE Sa\u00e7 Ekimi\">FUE Sa\u00e7 Ekimi<\/option><option value=\"PRP Tedavisi\">PRP Tedavisi<\/option><option value=\"DHI Sa\u00e7 Ekimi\">DHI Sa\u00e7 Ekimi<\/option><option value=\"Safir Sa\u00e7 Ekimi\">Safir Sa\u00e7 Ekimi<\/option><option value=\"Sakal, B\u0131y\u0131k, Ka\u015f Ekimi\">Sakal, B\u0131y\u0131k, Ka\u015f Ekimi<\/option><option value=\"Tra\u015fs\u0131z Sa\u00e7 Ekimi\">Tra\u015fs\u0131z Sa\u00e7 Ekimi<\/option><option value=\"Sedasyonlu Sa\u00e7 Ekimi\">Sedasyonlu Sa\u00e7 Ekimi<\/option><option value=\"A\u011fr\u0131s\u0131z, \u0130\u011fnesiz Sa\u00e7 Ekimi\">A\u011fr\u0131s\u0131z, \u0130\u011fnesiz Sa\u00e7 Ekimi<\/option><option value=\"Yara \u0130zi ve Yan\u0131k Tedavisi\">Yara \u0130zi ve Yan\u0131k Tedavisi<\/option><option value=\"Mezoterapi Tedavisi\">Mezoterapi Tedavisi<\/option><\/select><\/span>\n\t\t\t<\/p>\n\t\t<\/div>\n\t\t<div class=\"col-12 col-sm-12 col-md-12 col-lg-12 mt-2\">\n\t\t\t<p><input class=\"wpcf7-form-control wpcf7-submit has-spinner\" type=\"submit\" value=\"G\u00f6nder\" \/>\n\t\t\t<\/p>\n\t\t<\/div>\n\t<\/div>\n<\/div><div class=\"wpcf7-response-output\" aria-hidden=\"true\"><\/div>\n<\/form>\n<\/div>\n<\/div>\n\t\t\t\t<\/div>\n\t\t\t\t<\/div>\n\t\t\t\t\t<\/div>\n\t\t\t\t<\/div>\n\t\t\t\t<\/div>\n\t\t","protected":false},"excerpt":{"rendered":"<p>Safir Sa\u00e7 Ekimi Safir Sa\u00e7 Ekimi Hakk\u0131nda \u00d6zet \u00c7al\u0131\u015fma S\u00fcresi 8-10 saat \u00c7al\u0131\u015fma Alan\u0131 Kafa Anestezi T\u00fcr\u00fc Yerel Ac\u0131 E\u015fi\u011fi Operasyondan Sonra Ba\u015flang\u0131\u00e7 \u200b\u200bZaman\u0131 1 G\u00fcn Sonra \u0130lk Du\u015f 2 G\u00fcn Sonra Kurtarma S\u00fcresi 15 G\u00fcn Yeniden \u0130\u015flem Durumu Gerek Yok Spor Salonu-Kardiyo 15 G\u00fcn Diki\u015f \u0130\u015fareti Ac\u0131 Yok Ya\u015f S\u0131n\u0131r\u0131 18 Safir sa\u00e7 ekimi, kanallar a\u00e7\u0131l\u0131rken son teknoloji safir b\u0131\u00e7aklar\u0131n kullan\u0131ld\u0131\u011f\u0131 fue sa\u00e7 ekimine verilen isimdir . Safir Sa\u00e7 Ekimi Nas\u0131l Uygulan\u0131r? Sosyal medyan\u0131n \u00e7ok \u00f6nemli oldu\u011fu g\u00fcn\u00fcm\u00fczde bireylerin estetik kayg\u0131lar\u0131n\u0131n artmas\u0131 estetik i\u015flemlerin say\u0131lar\u0131n\u0131n katlanarak artmas\u0131na yol a\u00e7m\u0131\u015ft\u0131r. Erkekler s\u00f6z konusu oldu\u011funda fue sa\u00e7 ekiminin en pop\u00fcler uygulamas\u0131\u2026<\/p>\n","protected":false},"author":3,"featured_media":0,"parent":0,"menu_order":0,"comment_status":"closed","ping_status":"closed","template":"","meta":{"om_disable_all_campaigns":false,"_monsterinsights_skip_tracking":false,"_monsterinsights_sitenote_active":false,"_monsterinsights_sitenote_note":"","_monsterinsights_sitenote_category":0,"_joinchat":[],"footnotes":""},"blocksy_meta":{"page_title_panel":"","has_hero_section":"disabled","611c92d935758790a591783e16fbb041":"","hero_section":"type-1","hero_elements":[{"id":"custom_title","enabled":true,"heading_tag":"h1","title":"Home"},{"id":"custom_description","enabled":true,"description_visibility":{"desktop":true,"tablet":true,"mobile":false}},{"id":"custom_meta","enabled":false,"meta_elements":[{"id":"author","enabled":true,"label":"By","has_author_avatar":"yes","avatar_size":25},{"id":"post_date","enabled":true,"label":"On","date_format_source":"default","date_format":"M j, Y"},{"id":"updated_date","enabled":false,"label":"On","date_format_source":"default","date_format":"M j, Y"},{"id":"categories","enabled":false,"label":"In","style":"simple"},{"id":"comments","enabled":true}],"page_meta_elements":{"joined":true,"articles_count":true,"comments":true}},{"id":"breadcrumbs","enabled":false}],"46e8d3be9da0d1b82f8af8a9cd0f710d":"","hero_alignment1":"CT_CSS_SKIP_RULE","hero_margin":40,"hero_alignment2":"center","hero_vertical_alignment":"center","362640cecb7f38c45fc0d1a335915791":"","hero_structure":"narrow","e336875188121c375021e4fb0e81c0bb":"","page_title_bg_type":"featured_image","custom_hero_background":{"attachment_id":null},"page_title_image_size":"full","parallax":{"desktop":false,"tablet":false,"mobile":false},"57e5570a8110099c3e979646c8607ab1":"","hero_height":"250px","pageTitleFont":{"family":"Default","variation":"Default","size":"30px","line-height":"CT_CSS_SKIP_RULE","letter-spacing":"CT_CSS_SKIP_RULE","text-transform":"CT_CSS_SKIP_RULE","text-decoration":"CT_CSS_SKIP_RULE"},"pageTitleFontColor":{"default":{"color":"CT_CSS_SKIP_RULEDEFAULT"}},"pageMetaFont":{"family":"Default","variation":"n6","size":"12px","line-height":"1.3","letter-spacing":"CT_CSS_SKIP_RULE","text-transform":"uppercase","text-decoration":"CT_CSS_SKIP_RULE"},"pageMetaFontColor":{"default":{"color":"CT_CSS_SKIP_RULEDEFAULT"},"hover":{"color":"CT_CSS_SKIP_RULEDEFAULT"}},"page_meta_button_type_font_colors":{"default":{"color":"CT_CSS_SKIP_RULEDEFAULT"},"hover":{"color":"CT_CSS_SKIP_RULEDEFAULT"}},"page_meta_button_type_background_colors":{"default":{"color":"CT_CSS_SKIP_RULEDEFAULT"},"hover":{"color":"CT_CSS_SKIP_RULEDEFAULT"}},"pageExcerptFont":{"family":"Default","variation":"Default","size":"CT_CSS_SKIP_RULE","line-height":"CT_CSS_SKIP_RULE","letter-spacing":"CT_CSS_SKIP_RULE","text-transform":"CT_CSS_SKIP_RULE","text-decoration":"CT_CSS_SKIP_RULE"},"pageExcerptColor":{"default":{"color":"CT_CSS_SKIP_RULEDEFAULT"}},"breadcrumbsFont":{"family":"Default","variation":"Default","size":"CT_CSS_SKIP_RULE","line-height":"CT_CSS_SKIP_RULE","letter-spacing":"CT_CSS_SKIP_RULE","text-transform":"CT_CSS_SKIP_RULE","text-decoration":"CT_CSS_SKIP_RULE"},"breadcrumbsFontColor":{"default":{"color":"CT_CSS_SKIP_RULEDEFAULT"},"initial":{"color":"CT_CSS_SKIP_RULEDEFAULT"},"hover":{"color":"CT_CSS_SKIP_RULEDEFAULT"}},"pageTitleOverlay":{"background_type":"color","background_pattern":"type-1","background_image":{"attachment_id":null,"x":0,"y":0},"gradient":"linear-gradient(135deg,rgba(6,147,227,1) 0%,rgb(155,81,224) 100%)","background_repeat":"repeat","background_size":"auto","background_attachment":"scroll","patternColor":{"default":{"color":"#e5e7ea"}},"overlayColor":{"default":{"color":"CT_CSS_SKIP_RULE"}},"backgroundColor":{"default":{"color":"CT_CSS_SKIP_RULE"}}},"pageTitleBackground":{"background_type":"color","background_pattern":"type-1","background_image":{"attachment_id":null,"x":0,"y":0},"gradient":"linear-gradient(135deg,rgba(6,147,227,1) 0%,rgb(155,81,224) 100%)","background_repeat":"repeat","background_size":"auto","background_attachment":"scroll","patternColor":{"default":{"color":"#e5e7ea"}},"overlayColor":{"default":{"color":"CT_CSS_SKIP_RULE"}},"backgroundColor":{"default":{"color":"var(--paletteColor6)"}}},"pageTitlePadding":{"top":"50px","bottom":"50px","left":"auto","right":"auto","linked":true},"3ca83537ec355e8d63870a30117b1ce8":"","page_structure_type":"default","dcdc5c66dddca70118f5ac7cc86bba1b":"","content_style_source":"inherit","content_style":"wide","vertical_spacing_source":"custom","content_area_spacing":"none","background":{"background_type":"color","background_pattern":"type-1","background_image":{"attachment_id":null,"x":0,"y":0},"gradient":"linear-gradient(135deg,rgba(6,147,227,1) 0%,rgb(155,81,224) 100%)","background_repeat":"repeat","background_size":"auto","background_attachment":"scroll","patternColor":{"default":{"color":"#e5e7ea"}},"overlayColor":{"default":{"color":"CT_CSS_SKIP_RULE"}},"backgroundColor":{"default":{"color":"CT_CSS_SKIP_RULE"}}},"content_background":{"background_type":"color","background_pattern":"type-1","background_image":{"attachment_id":null,"x":0,"y":0},"gradient":"linear-gradient(135deg,rgba(6,147,227,1) 0%,rgb(155,81,224) 100%)","background_repeat":"repeat","background_size":"auto","background_attachment":"scroll","patternColor":{"default":{"color":"#e5e7ea"}},"overlayColor":{"default":{"color":"CT_CSS_SKIP_RULE"}},"backgroundColor":{"default":{"color":"var(--paletteColor8)"}}},"content_boxed_shadow":{"inherit":false,"blur":18,"spread":-6,"v_offset":12,"h_offset":0,"inset":false,"enable":true,"color":{"color":"rgba(34, 56, 101, 0.04)"}},"content_boxed_border":{"width":1,"style":"none","color":{"color":"rgba(44,62,80,0.2)"}},"content_boxed_radius":{"top":"3px","bottom":"3px","left":"3px","right":"3px","linked":true},"boxed_content_spacing":{"desktop":{"top":"40px","bottom":"40px","left":"40px","right":"40px","linked":true},"tablet":{"top":"35px","bottom":"35px","left":"35px","right":"35px","linked":true},"mobile":{"top":"20px","bottom":"20px","left":"20px","right":"20px","linked":true}},"e7c68c01908467f471590cb05016567f":"","disable_featured_image":"no","disable_share_box":"no","disable_header":"no","disable_footer":"no","styles_descriptor":{"styles":{"desktop":"","tablet":"","mobile":""},"google_fonts":[],"version":5}},"_links":{"self":[{"href":"https:\/\/wonderhairclinic.com\/tr\/wp-json\/wp\/v2\/pages\/2501"}],"collection":[{"href":"https:\/\/wonderhairclinic.com\/tr\/wp-json\/wp\/v2\/pages"}],"about":[{"href":"https:\/\/wonderhairclinic.com\/tr\/wp-json\/wp\/v2\/types\/page"}],"author":[{"embeddable":true,"href":"https:\/\/wonderhairclinic.com\/tr\/wp-json\/wp\/v2\/users\/3"}],"replies":[{"embeddable":true,"href":"https:\/\/wonderhairclinic.com\/tr\/wp-json\/wp\/v2\/comments?post=2501"}],"version-history":[{"count":11,"href":"https:\/\/wonderhairclinic.com\/tr\/wp-json\/wp\/v2\/pages\/2501\/revisions"}],"predecessor-version":[{"id":4308,"href":"https:\/\/wonderhairclinic.com\/tr\/wp-json\/wp\/v2\/pages\/2501\/revisions\/4308"}],"wp:attachment":[{"href":"https:\/\/wonderhairclinic.com\/tr\/wp-json\/wp\/v2\/media?parent=2501"}],"curies":[{"name":"wp","href":"https:\/\/api.w.org\/{rel}","templated":true}]}}