{"id":1926,"date":"2022-07-08T13:46:21","date_gmt":"2022-07-08T13:46:21","guid":{"rendered":"https:\/\/whc.roible.net\/?page_id=1926"},"modified":"2023-06-11T12:31:40","modified_gmt":"2023-06-11T12:31:40","slug":"hakkimizda","status":"publish","type":"page","link":"https:\/\/wonderhairclinic.com\/tr\/hakkimizda\/","title":{"rendered":"Hakk\u0131m\u0131zda"},"content":{"rendered":"\t\t<div data-elementor-type=\"wp-page\" data-elementor-id=\"1926\" class=\"elementor elementor-1926 elementor-623\">\n\t\t\t\t<div class=\"elementor-element elementor-element-0aa070e e-flex e-con-boxed e-con e-parent\" data-id=\"0aa070e\" data-element_type=\"container\" data-settings=\"{&quot;background_background&quot;:&quot;classic&quot;}\" data-core-v316-plus=\"true\">\n\t\t\t\t\t<div class=\"e-con-inner\">\n\t\t\t\t<div class=\"elementor-element elementor-element-84f59a5 elementor-widget elementor-widget-heading\" data-id=\"84f59a5\" data-element_type=\"widget\" data-widget_type=\"heading.default\">\n\t\t\t\t<div class=\"elementor-widget-container\">\n\t\t\t<style>\/*! elementor - v3.20.0 - 26-03-2024 *\/\n.elementor-heading-title{padding:0;margin:0;line-height:1}.elementor-widget-heading .elementor-heading-title[class*=elementor-size-]>a{color:inherit;font-size:inherit;line-height:inherit}.elementor-widget-heading .elementor-heading-title.elementor-size-small{font-size:15px}.elementor-widget-heading .elementor-heading-title.elementor-size-medium{font-size:19px}.elementor-widget-heading .elementor-heading-title.elementor-size-large{font-size:29px}.elementor-widget-heading .elementor-heading-title.elementor-size-xl{font-size:39px}.elementor-widget-heading .elementor-heading-title.elementor-size-xxl{font-size:59px}<\/style><h1 class=\"elementor-heading-title elementor-size-default\">About Us<\/h1>\t\t<\/div>\n\t\t\t\t<\/div>\n\t\t\t\t\t<\/div>\n\t\t\t\t<\/div>\n\t\t<div class=\"elementor-element elementor-element-167b9a7 e-flex e-con-boxed e-con e-parent\" data-id=\"167b9a7\" data-element_type=\"container\" data-core-v316-plus=\"true\">\n\t\t\t\t\t<div class=\"e-con-inner\">\n\t\t<div class=\"elementor-element elementor-element-6ff44c8 e-con-full e-flex e-con e-parent\" data-id=\"6ff44c8\" data-element_type=\"container\" data-core-v316-plus=\"true\">\n\t\t\t\t<div class=\"elementor-element elementor-element-83dea25 elementor-widget elementor-widget-image\" data-id=\"83dea25\" data-element_type=\"widget\" data-widget_type=\"image.default\">\n\t\t\t\t<div class=\"elementor-widget-container\">\n\t\t\t<style>\/*! elementor - v3.20.0 - 26-03-2024 *\/\n.elementor-widget-image{text-align:center}.elementor-widget-image a{display:inline-block}.elementor-widget-image a img[src$=\".svg\"]{width:48px}.elementor-widget-image img{vertical-align:middle;display:inline-block}<\/style>\t\t\t\t\t\t\t\t\t\t<img fetchpriority=\"high\" decoding=\"async\" width=\"1024\" height=\"681\" src=\"https:\/\/wonderhairclinic.com\/wp-content\/uploads\/2023\/06\/hakkimizda-1024x681.jpg\" class=\"attachment-large size-large wp-image-2055\" alt=\"\" srcset=\"https:\/\/wonderhairclinic.com\/wp-content\/uploads\/2023\/06\/hakkimizda-1024x681.jpg 1024w, https:\/\/wonderhairclinic.com\/wp-content\/uploads\/2023\/06\/hakkimizda-300x200.jpg 300w, https:\/\/wonderhairclinic.com\/wp-content\/uploads\/2023\/06\/hakkimizda-768x511.jpg 768w, https:\/\/wonderhairclinic.com\/wp-content\/uploads\/2023\/06\/hakkimizda.jpg 1154w\" sizes=\"(max-width: 1024px) 100vw, 1024px\" \/>\t\t\t\t\t\t\t\t\t\t\t\t\t<\/div>\n\t\t\t\t<\/div>\n\t\t\t\t<\/div>\n\t\t<div class=\"elementor-element elementor-element-d9d0de6 e-con-full e-flex e-con e-parent\" data-id=\"d9d0de6\" data-element_type=\"container\" data-core-v316-plus=\"true\">\n\t\t\t\t<div class=\"elementor-element elementor-element-b79a52c elementor-widget elementor-widget-text-editor\" data-id=\"b79a52c\" data-element_type=\"widget\" data-widget_type=\"text-editor.default\">\n\t\t\t\t<div class=\"elementor-widget-container\">\n\t\t\t<style>\/*! elementor - v3.20.0 - 26-03-2024 *\/\n.elementor-widget-text-editor.elementor-drop-cap-view-stacked .elementor-drop-cap{background-color:#69727d;color:#fff}.elementor-widget-text-editor.elementor-drop-cap-view-framed .elementor-drop-cap{color:#69727d;border:3px solid;background-color:transparent}.elementor-widget-text-editor:not(.elementor-drop-cap-view-default) .elementor-drop-cap{margin-top:8px}.elementor-widget-text-editor:not(.elementor-drop-cap-view-default) .elementor-drop-cap-letter{width:1em;height:1em}.elementor-widget-text-editor .elementor-drop-cap{float:left;text-align:center;line-height:1;font-size:50px}.elementor-widget-text-editor .elementor-drop-cap-letter{display:inline-block}<\/style>\t\t\t\t<p>Wonder Hair Clinic<\/p>\t\t\t\t\t\t<\/div>\n\t\t\t\t<\/div>\n\t\t\t\t<div class=\"elementor-element elementor-element-9f02a38 elementor-widget-tablet__width-inherit elementor-widget elementor-widget-heading\" data-id=\"9f02a38\" data-element_type=\"widget\" data-widget_type=\"heading.default\">\n\t\t\t\t<div class=\"elementor-widget-container\">\n\t\t\t<h2 class=\"elementor-heading-title elementor-size-default\">Biz Kimiz?<\/h2>\t\t<\/div>\n\t\t\t\t<\/div>\n\t\t\t\t<div class=\"elementor-element elementor-element-a34f8ad elementor-widget elementor-widget-text-editor\" data-id=\"a34f8ad\" data-element_type=\"widget\" data-widget_type=\"text-editor.default\">\n\t\t\t\t<div class=\"elementor-widget-container\">\n\t\t\t\t\t\t\t<p>Wonder Hair Clinic T\u00fcrkiye\u2019nin g\u00f6z bebe\u011fi \u0130stanbul\u2019da safir sa\u00e7 ekimi yapan en \u00f6nemli kliniklerden biridir. Alan\u0131nda global \u00e7apta tan\u0131n\u0131rl\u0131\u011fa sahip olan doktorlar taraf\u0131ndan y\u00f6netilen Wonder Hair Clinic&#8217;de hastalar\u0131n\u0131n memnuniyeti \u00f6n plandad\u0131r. Operasyonlar\u0131n t\u00fcm s\u00fcre\u00e7leri doktorlar taraf\u0131ndan takip edilir ve operasyona dahil olan her bir ekip \u00fcyesi medikal e\u011fitim alm\u0131\u015ft\u0131r. Bug\u00fcne dek farkl\u0131 \u00fclkelerden bir \u00e7ok say\u0131da hastaya sa\u00e7 ekimi yap\u0131lm\u0131\u015f ve ba\u015far\u0131l\u0131 sonu\u00e7lar al\u0131nm\u0131\u015ft\u0131r.<\/p><p>Bir pazarlama arac\u0131 olarak \u00fctopik sonu\u00e7lar vaat edilmez. Sizin istekleriniz g\u00f6z \u00f6n\u00fcnde bulundurularak olabilecek t\u00fcm olas\u0131 senaryolar \u00f6nceden anlat\u0131l\u0131r, ekim yap\u0131lacak alanlara siz ile birlikte s\u00fcre\u00e7ler ve sa\u00e7 ekimi sonucunu etkileyen fakt\u00f6rler anlat\u0131larak karar verilir. Bu sayede aylarca beklemenin sonunda hayal k\u0131r\u0131kl\u0131\u011f\u0131na u\u011framazs\u0131n\u0131z.<\/p>\t\t\t\t\t\t<\/div>\n\t\t\t\t<\/div>\n\t\t\t\t<\/div>\n\t\t\t\t\t<\/div>\n\t\t\t\t<\/div>\n\t\t\t\t<\/div>\n\t\t","protected":false},"excerpt":{"rendered":"<p>About Us Wonder Hair Clinic Biz Kimiz? Wonder Hair Clinic T\u00fcrkiye\u2019nin g\u00f6z bebe\u011fi \u0130stanbul\u2019da safir sa\u00e7 ekimi yapan en \u00f6nemli kliniklerden biridir. Alan\u0131nda global \u00e7apta tan\u0131n\u0131rl\u0131\u011fa sahip olan doktorlar taraf\u0131ndan y\u00f6netilen Wonder Hair Clinic&#8217;de hastalar\u0131n\u0131n memnuniyeti \u00f6n plandad\u0131r. Operasyonlar\u0131n t\u00fcm s\u00fcre\u00e7leri doktorlar taraf\u0131ndan takip edilir ve operasyona dahil olan her bir ekip \u00fcyesi medikal e\u011fitim alm\u0131\u015ft\u0131r. Bug\u00fcne dek farkl\u0131 \u00fclkelerden bir \u00e7ok say\u0131da hastaya sa\u00e7 ekimi yap\u0131lm\u0131\u015f ve ba\u015far\u0131l\u0131 sonu\u00e7lar al\u0131nm\u0131\u015ft\u0131r. Bir pazarlama arac\u0131 olarak \u00fctopik sonu\u00e7lar vaat edilmez. Sizin istekleriniz g\u00f6z \u00f6n\u00fcnde bulundurularak olabilecek t\u00fcm olas\u0131 senaryolar \u00f6nceden anlat\u0131l\u0131r, ekim yap\u0131lacak alanlara siz ile birlikte s\u00fcre\u00e7ler ve sa\u00e7 ekimi\u2026<\/p>\n","protected":false},"author":3,"featured_media":0,"parent":0,"menu_order":0,"comment_status":"closed","ping_status":"closed","template":"","meta":{"om_disable_all_campaigns":false,"_monsterinsights_skip_tracking":false,"_monsterinsights_sitenote_active":false,"_monsterinsights_sitenote_note":"","_monsterinsights_sitenote_category":0,"_joinchat":[],"footnotes":""},"blocksy_meta":{"page_title_panel":"","has_hero_section":"disabled","611c92d935758790a591783e16fbb041":"","hero_section":"type-1","hero_elements":[{"id":"custom_title","enabled":true,"heading_tag":"h1","title":"Home"},{"id":"custom_description","enabled":true,"description_visibility":{"desktop":true,"tablet":true,"mobile":false}},{"id":"custom_meta","enabled":false,"meta_elements":[{"id":"author","enabled":true,"label":"By","has_author_avatar":"yes","avatar_size":25},{"id":"post_date","enabled":true,"label":"On","date_format_source":"default","date_format":"M j, Y"},{"id":"updated_date","enabled":false,"label":"On","date_format_source":"default","date_format":"M j, Y"},{"id":"categories","enabled":false,"label":"In","style":"simple"},{"id":"comments","enabled":true}],"page_meta_elements":{"joined":true,"articles_count":true,"comments":true}},{"id":"breadcrumbs","enabled":false}],"46e8d3be9da0d1b82f8af8a9cd0f710d":"","hero_alignment1":"CT_CSS_SKIP_RULE","hero_margin":40,"hero_alignment2":"center","hero_vertical_alignment":"center","362640cecb7f38c45fc0d1a335915791":"","hero_structure":"narrow","e336875188121c375021e4fb0e81c0bb":"","page_title_bg_type":"featured_image","custom_hero_background":{"attachment_id":null},"page_title_image_size":"full","parallax":{"desktop":false,"tablet":false,"mobile":false},"57e5570a8110099c3e979646c8607ab1":"","hero_height":"250px","pageTitleFont":{"family":"Default","variation":"Default","size":"30px","line-height":"CT_CSS_SKIP_RULE","letter-spacing":"CT_CSS_SKIP_RULE","text-transform":"CT_CSS_SKIP_RULE","text-decoration":"CT_CSS_SKIP_RULE"},"pageTitleFontColor":{"default":{"color":"CT_CSS_SKIP_RULEDEFAULT"}},"pageMetaFont":{"family":"Default","variation":"n6","size":"12px","line-height":"1.3","letter-spacing":"CT_CSS_SKIP_RULE","text-transform":"uppercase","text-decoration":"CT_CSS_SKIP_RULE"},"pageMetaFontColor":{"default":{"color":"CT_CSS_SKIP_RULEDEFAULT"},"hover":{"color":"CT_CSS_SKIP_RULEDEFAULT"}},"page_meta_button_type_font_colors":{"default":{"color":"CT_CSS_SKIP_RULEDEFAULT"},"hover":{"color":"CT_CSS_SKIP_RULEDEFAULT"}},"page_meta_button_type_background_colors":{"default":{"color":"CT_CSS_SKIP_RULEDEFAULT"},"hover":{"color":"CT_CSS_SKIP_RULEDEFAULT"}},"pageExcerptFont":{"family":"Default","variation":"Default","size":"CT_CSS_SKIP_RULE","line-height":"CT_CSS_SKIP_RULE","letter-spacing":"CT_CSS_SKIP_RULE","text-transform":"CT_CSS_SKIP_RULE","text-decoration":"CT_CSS_SKIP_RULE"},"pageExcerptColor":{"default":{"color":"CT_CSS_SKIP_RULEDEFAULT"}},"breadcrumbsFont":{"family":"Default","variation":"Default","size":"CT_CSS_SKIP_RULE","line-height":"CT_CSS_SKIP_RULE","letter-spacing":"CT_CSS_SKIP_RULE","text-transform":"CT_CSS_SKIP_RULE","text-decoration":"CT_CSS_SKIP_RULE"},"breadcrumbsFontColor":{"default":{"color":"CT_CSS_SKIP_RULEDEFAULT"},"initial":{"color":"CT_CSS_SKIP_RULEDEFAULT"},"hover":{"color":"CT_CSS_SKIP_RULEDEFAULT"}},"pageTitleOverlay":{"background_type":"color","background_pattern":"type-1","background_image":{"attachment_id":null,"x":0,"y":0},"gradient":"linear-gradient(135deg,rgba(6,147,227,1) 0%,rgb(155,81,224) 100%)","background_repeat":"repeat","background_size":"auto","background_attachment":"scroll","patternColor":{"default":{"color":"#e5e7ea"}},"overlayColor":{"default":{"color":"CT_CSS_SKIP_RULE"}},"backgroundColor":{"default":{"color":"CT_CSS_SKIP_RULE"}}},"pageTitleBackground":{"background_type":"color","background_pattern":"type-1","background_image":{"attachment_id":null,"x":0,"y":0},"gradient":"linear-gradient(135deg,rgba(6,147,227,1) 0%,rgb(155,81,224) 100%)","background_repeat":"repeat","background_size":"auto","background_attachment":"scroll","patternColor":{"default":{"color":"#e5e7ea"}},"overlayColor":{"default":{"color":"CT_CSS_SKIP_RULE"}},"backgroundColor":{"default":{"color":"var(--paletteColor6)"}}},"pageTitlePadding":{"top":"50px","bottom":"50px","left":"auto","right":"auto","linked":true},"3ca83537ec355e8d63870a30117b1ce8":"","page_structure_type":"default","dcdc5c66dddca70118f5ac7cc86bba1b":"","content_style_source":"inherit","content_style":"wide","vertical_spacing_source":"custom","content_area_spacing":"none","background":{"background_type":"color","background_pattern":"type-1","background_image":{"attachment_id":null,"x":0,"y":0},"gradient":"linear-gradient(135deg,rgba(6,147,227,1) 0%,rgb(155,81,224) 100%)","background_repeat":"repeat","background_size":"auto","background_attachment":"scroll","patternColor":{"default":{"color":"#e5e7ea"}},"overlayColor":{"default":{"color":"CT_CSS_SKIP_RULE"}},"backgroundColor":{"default":{"color":"CT_CSS_SKIP_RULE"}}},"content_background":{"background_type":"color","background_pattern":"type-1","background_image":{"attachment_id":null,"x":0,"y":0},"gradient":"linear-gradient(135deg,rgba(6,147,227,1) 0%,rgb(155,81,224) 100%)","background_repeat":"repeat","background_size":"auto","background_attachment":"scroll","patternColor":{"default":{"color":"#e5e7ea"}},"overlayColor":{"default":{"color":"CT_CSS_SKIP_RULE"}},"backgroundColor":{"default":{"color":"var(--paletteColor8)"}}},"content_boxed_shadow":{"inherit":false,"blur":18,"spread":-6,"v_offset":12,"h_offset":0,"inset":false,"enable":true,"color":{"color":"rgba(34, 56, 101, 0.04)"}},"content_boxed_border":{"width":1,"style":"none","color":{"color":"rgba(44,62,80,0.2)"}},"content_boxed_radius":{"top":"3px","bottom":"3px","left":"3px","right":"3px","linked":true},"boxed_content_spacing":{"desktop":{"top":"40px","bottom":"40px","left":"40px","right":"40px","linked":true},"tablet":{"top":"35px","bottom":"35px","left":"35px","right":"35px","linked":true},"mobile":{"top":"20px","bottom":"20px","left":"20px","right":"20px","linked":true}},"e7c68c01908467f471590cb05016567f":"","disable_featured_image":"no","disable_share_box":"no","disable_header":"no","disable_footer":"no","styles_descriptor":{"styles":{"desktop":"","tablet":"","mobile":""},"google_fonts":[],"version":5}},"_links":{"self":[{"href":"https:\/\/wonderhairclinic.com\/tr\/wp-json\/wp\/v2\/pages\/1926"}],"collection":[{"href":"https:\/\/wonderhairclinic.com\/tr\/wp-json\/wp\/v2\/pages"}],"about":[{"href":"https:\/\/wonderhairclinic.com\/tr\/wp-json\/wp\/v2\/types\/page"}],"author":[{"embeddable":true,"href":"https:\/\/wonderhairclinic.com\/tr\/wp-json\/wp\/v2\/users\/3"}],"replies":[{"embeddable":true,"href":"https:\/\/wonderhairclinic.com\/tr\/wp-json\/wp\/v2\/comments?post=1926"}],"version-history":[{"count":10,"href":"https:\/\/wonderhairclinic.com\/tr\/wp-json\/wp\/v2\/pages\/1926\/revisions"}],"predecessor-version":[{"id":3076,"href":"https:\/\/wonderhairclinic.com\/tr\/wp-json\/wp\/v2\/pages\/1926\/revisions\/3076"}],"wp:attachment":[{"href":"https:\/\/wonderhairclinic.com\/tr\/wp-json\/wp\/v2\/media?parent=1926"}],"curies":[{"name":"wp","href":"https:\/\/api.w.org\/{rel}","templated":true}]}}